{"id":11,"date":"2020-04-09T15:02:44","date_gmt":"2020-04-09T13:02:44","guid":{"rendered":"http:\/\/www.baptistedelval.fr\/?page_id=11"},"modified":"2023-09-18T11:46:13","modified_gmt":"2023-09-18T09:46:13","slug":"accueil","status":"publish","type":"page","link":"https:\/\/www.baptistedelval.fr\/","title":{"rendered":"Accueil"},"content":{"rendered":"<p>[vc_row css_animation=\u00a0\u00bbbottom-to-top\u00a0\u00bb tlg_padding=\u00a0\u00bbpt0 pb0&Prime; css=\u00a0\u00bb.vc_custom_1586872654885{background-color: #ff4e00 !important;}\u00a0\u00bb el_id=\u00a0\u00bbbdelval-row\u00a0\u00bb][vc_column el_class=\u00a0\u00bbbdelval\u00a0\u00bb][vc_column_text]<span class=\"bdelval-name\">BAPTISTE<br \/>\nDELVAL<\/span> <img decoding=\"async\" loading=\"lazy\" width=\"69\" height=\"69\" class=\"size-full bastypo wp-image-19\" src=\"http:\/\/www.ramdam-dlx.com\/bdelval\/wp-content\/uploads\/2020\/04\/Cercle.png\" alt=\"\" srcset=\"https:\/\/www.baptistedelval.fr\/wp-content\/uploads\/2020\/04\/Cercle.png 69w, https:\/\/www.baptistedelval.fr\/wp-content\/uploads\/2020\/04\/Cercle-60x60.png 60w\" sizes=\"(max-width: 69px) 100vw, 69px\" \/>\u00a0Paris[\/vc_column_text][\/vc_column][\/vc_row][vc_row css_animation=\u00a0\u00bbbottom-to-top\u00a0\u00bb tlg_padding=\u00a0\u00bbpt0 pb0&Prime; css=\u00a0\u00bb.vc_custom_1586941926559{background-color: #ff4e00 !important;}\u00a0\u00bb el_class=\u00a0\u00bbaccordeon-principal\u00a0\u00bb][vc_column][vc_tta_accordion style=\u00a0\u00bbflat\u00a0\u00bb shape=\u00a0\u00bbsquare\u00a0\u00bb color=\u00a0\u00bborange\u00a0\u00bb c_icon=\u00a0\u00bb\u00a0\u00bb active_section=\u00a0\u00bb99&Prime; no_fill=\u00a0\u00bbtrue\u00a0\u00bb collapsible_all=\u00a0\u00bbtrue\u00a0\u00bb css=\u00a0\u00bb.vc_custom_1586450819754{background-color: #ff4e00 !important;}\u00a0\u00bb][vc_tta_section title=\u00a0\u00bbJe suis graphiste.\u00a0\u00bb tab_id=\u00a0\u00bbgraphiste\u00a0\u00bb][vc_column_text]Dipl\u00f4m\u00e9 de l\u2019ECV Paris en 2005, j\u2019ai fait mes armes en tant que directeur artistique au sein de l\u2019agence Dagobert avant de me lancer en freelance. Ind\u00e9pendant depuis 2008, j\u2019ai fait un petit d\u00e9tour par Vancouver chez MVKA, avant de retrouver Paris.<\/p>\n<p>Mon domaine de pr\u00e9dilection, c&rsquo;est d&rsquo;abord le digital. J\u2019ai depuis d\u00e9velopp\u00e9 mon expertise autour de la prise de parole en public et l\u2019\u00e9v\u00e9nementiel : je suis un as du deck de pr\u00e9sentation et un motion designer chevronn\u00e9.<\/p>\n<p>Je bosse \u00e0 la fois pour des start-ups et de grandes entreprises comme EDF Renouvelables, Pernod Ricard France, CEVA Logistics\u2026 La majorit\u00e9 de mes projets sont confidentiels et diffus\u00e9s en interne chez mes clients. Si tu veux voir ce que je fais, contacte-moi <img decoding=\"async\" loading=\"lazy\" width=\"31\" height=\"31\" class=\"bastypo-sm size-full wp-image-18\" src=\"http:\/\/www.ramdam-dlx.com\/bdelval\/wp-content\/uploads\/2020\/04\/Cercle-s.png\" alt=\"\" \/>[\/vc_column_text][\/vc_tta_section][vc_tta_section title=\u00a0\u00bbJ&rsquo;ai cr\u00e9\u00e9 la marque Ramdam Dlx.\u00a0\u00bb tab_id=\u00a0\u00bbRamdamDlx\u00a0\u00bb][vc_column_text]Parce que les gar\u00e7ons aussi ont chaud, j\u2019ai imagin\u00e9 une gamme d\u2019\u00e9ventails unisexes et impertinents. Ramdam Dlx a propos\u00e9 de 2019 \u00e0 2022 des accessoires streetwear pop pour celles et ceux qui osent jouer avec les codes de la mode <img decoding=\"async\" loading=\"lazy\" width=\"31\" height=\"31\" class=\"bastypo-sm size-full wp-image-18\" src=\"http:\/\/www.ramdam-dlx.com\/bdelval\/wp-content\/uploads\/2020\/04\/Cercle-s.png\" alt=\"\" \/>[\/vc_column_text][\/vc_tta_section][vc_tta_section title=\u00a0\u00bbJe d\u00e9fends le th\u00e9\u00e2tre musical.\u00a0\u00bb tab_id=\u00a0\u00bbmusical\u00a0\u00bb][vc_column_text]J\u2019ai co-fond\u00e9 le site <a href=\"http:\/\/www.musicalavenue.fr\" target=\"_blank\" rel=\"noopener noreferrer\">Musical Avenue<\/a> consacr\u00e9 \u00e0 l\u2019actualit\u00e9 du th\u00e9\u00e2tre musical en France et dans le monde.<\/p>\n<p>J&rsquo;ai \u00e9galement \u00e9t\u00e9 pr\u00e9sident des <a href=\"http:\/\/www.tropheesdelacomediemusicale.fr\/\" target=\"_blank\" rel=\"noopener noreferrer\">Troph\u00e9es de la Com\u00e9die Musicale<\/a> de leur cr\u00e9ation en 2017 jusqu&rsquo;en 2021.<\/p>\n<p>En tant qu\u2019auteur, j\u2019ai \u00e9crit la pi\u00e8ce de th\u00e9\u00e2tre originale \u00ab\u00a0You Don\u2019t Nomi\u00a0\u00bb, inspir\u00e9e de la vie et des chansons de Klaus Nomi.<\/p>\n<p>J\u2019ai \u00e9galement sign\u00e9 l\u2019adaptation en fran\u00e7ais de \u00ab Gutenberg ! Le musical \u00bb (Anthony King, Scott Brown), \u00ab Sauna, le musical \u00bb (Tim Evanicki, Esther Daack) et collabor\u00e9 \u00e0 la premi\u00e8re adaptation fran\u00e7aise de \u00ab Hedwig and the Angry Inch \u00bb (John Cameron Mitchel, Stephen Trask) de 2006 \u00e0 2009 <img decoding=\"async\" loading=\"lazy\" width=\"31\" height=\"31\" class=\"bastypo-sm size-full wp-image-18\" src=\"http:\/\/www.ramdam-dlx.com\/bdelval\/wp-content\/uploads\/2020\/04\/Cercle-s.png\" alt=\"\" \/>[\/vc_column_text][\/vc_tta_section][vc_tta_section title=\u00a0\u00bbJe suis passionn\u00e9 de mixologie.\u00a0\u00bb tab_id=\u00a0\u00bbmixologie\u00a0\u00bb][vc_column_text]\u00c0 mon retour du Canada, j\u2019ai eu l\u2019id\u00e9e d\u2019en faire mon m\u00e9tier. J\u2019ai assist\u00e9 Luther Werington dans l\u2019ouverture des bars rooftops du Perchoir \u00e0 M\u00e9nilmontant et dans le Marais, avant de me voir confier le Bar du Perchoir. J&rsquo;y ai form\u00e9 mon \u00e9quipe et d\u00e9velopp\u00e9 une carte de cocktails signature bas\u00e9e sur les spiritueux de ma s\u00e9lection et des ingr\u00e9dients de ma confection.<\/p>\n<p>En 2014, j\u2019ai eu l\u2019honneur d\u2019\u00eatre finaliste des concours nationaux Havana Club Cocktail Grand Prix et Sidecar by Merlet.<\/p>\n<p>Je me suis ensuite envol\u00e9 pour la Candelaria o\u00f9 j\u2019ai pu d\u00e9velopper jusqu\u2019\u00e0 fin 2015 mon penchant pour les spiritueux mexicains sous l\u2019\u00e9gide de S\u00e9bastien Gans et Ivan Avellaneda.<\/p>\n<p>Depuis, je collectionne les bouteilles (je ne manque jamais de Chartreuse et suis toujours \u00e0 l\u2019aff\u00fbt de nouveaux amari italiens). Je sors r\u00e9guli\u00e8rement mes shakers pour mes amis. S\u2019ils sont sages, je leur sers <a href=\"https:\/\/imbibemagazine.com\/naked-and-famous-cocktail\/\" target=\"_blank\" rel=\"noopener noreferrer\">mon cocktail pr\u00e9f\u00e9r\u00e9<\/a>\u00a0<img decoding=\"async\" loading=\"lazy\" width=\"31\" height=\"31\" class=\"bastypo-sm size-full wp-image-18\" src=\"http:\/\/www.ramdam-dlx.com\/bdelval\/wp-content\/uploads\/2020\/04\/Cercle-s.png\" alt=\"\" \/>[\/vc_column_text][\/vc_tta_section][\/vc_tta_accordion][\/vc_column][\/vc_row]<\/p>\n","protected":false},"excerpt":{"rendered":"<p>[vc_row css_animation=\u00a0\u00bbbottom-to-top\u00a0\u00bb tlg_padding=\u00a0\u00bbpt0 pb0&Prime; css=\u00a0\u00bb.vc_custom_1586872654885{background-color: #ff4e00 !important;}\u00a0\u00bb el_id=\u00a0\u00bbbdelval-row\u00a0\u00bb][vc_column el_class=\u00a0\u00bbbdelval\u00a0\u00bb][vc_column_text]BAPTISTE DELVAL \u00a0Paris[\/vc_column_text][\/vc_column][\/vc_row][vc_row css_animation=\u00a0\u00bbbottom-to-top\u00a0\u00bb tlg_padding=\u00a0\u00bbpt0 pb0&Prime; css=\u00a0\u00bb.vc_custom_1586941926559{background-color: #ff4e00&#8230;<\/p>\n","protected":false},"author":1,"featured_media":0,"parent":0,"menu_order":0,"comment_status":"closed","ping_status":"closed","template":"","meta":{"_monsterinsights_skip_tracking":false,"_monsterinsights_sitenote_active":false,"_monsterinsights_sitenote_note":"","_monsterinsights_sitenote_category":0,"footnotes":""},"yoast_head":"<!-- This site is optimized with the Yoast SEO plugin v14.0 - https:\/\/yoast.com\/wordpress\/plugins\/seo\/ -->\n<title>Baptiste Delval \u2316 est. 1983 &ndash; Graphisme, streetwear, th\u00e9\u00e2tre et cocktails<\/title>\n<meta name=\"description\" content=\"Je suis graphiste. J&#039;ai cr\u00e9\u00e9 la marque Ramdam Dlx. Je m&#039;investis dans le th\u00e9\u00e2tre musical. Je suis passionn\u00e9 de mixologie. Venez : je vous en dis plus.\" \/>\n<meta name=\"robots\" content=\"index, follow\" \/>\n<meta name=\"googlebot\" content=\"index, follow, max-snippet:-1, max-image-preview:large, max-video-preview:-1\" \/>\n<meta name=\"bingbot\" content=\"index, follow, max-snippet:-1, max-image-preview:large, max-video-preview:-1\" \/>\n<link rel=\"canonical\" href=\"https:\/\/www.baptistedelval.fr\/\" \/>\n<meta property=\"og:locale\" content=\"fr_FR\" \/>\n<meta property=\"og:type\" content=\"article\" \/>\n<meta property=\"og:title\" content=\"Baptiste Delval \u2316 est. 1983 &ndash; Graphisme, streetwear, th\u00e9\u00e2tre et cocktails\" \/>\n<meta property=\"og:description\" content=\"Je suis graphiste. J&#039;ai cr\u00e9\u00e9 la marque Ramdam Dlx. Je m&#039;investis dans le th\u00e9\u00e2tre musical. Je suis passionn\u00e9 de mixologie. Venez : je vous en dis plus.\" \/>\n<meta property=\"og:url\" content=\"https:\/\/www.baptistedelval.fr\/\" \/>\n<meta property=\"og:site_name\" content=\"Baptiste Delval \u2316 est. 1983\" \/>\n<meta property=\"article:modified_time\" content=\"2023-09-18T09:46:13+00:00\" \/>\n<meta property=\"og:image\" content=\"http:\/\/www.baptistedelval.fr\/wp-content\/uploads\/2020\/04\/FBpvw.png\" \/>\n\t<meta property=\"og:image:width\" content=\"1200\" \/>\n\t<meta property=\"og:image:height\" content=\"630\" \/>\n<meta name=\"twitter:card\" content=\"summary_large_image\" \/>\n<meta name=\"twitter:image\" content=\"http:\/\/www.baptistedelval.fr\/wp-content\/uploads\/2020\/04\/TWpvw.jpg\" \/>\n<script type=\"application\/ld+json\" class=\"yoast-schema-graph\">{\"@context\":\"https:\/\/schema.org\",\"@graph\":[{\"@type\":[\"Person\",\"Organization\"],\"@id\":\"https:\/\/www.baptistedelval.fr\/#\/schema\/person\/801284a15a74abf2acf332ea9bb114bf\",\"name\":\"bdelval.fr\",\"image\":{\"@type\":\"ImageObject\",\"@id\":\"https:\/\/www.baptistedelval.fr\/#personlogo\",\"inLanguage\":\"fr-FR\",\"url\":\"https:\/\/secure.gravatar.com\/avatar\/a2e72fec09feb341b392ef2d89587ab2?s=96&d=mm&r=g\",\"caption\":\"bdelval.fr\"},\"logo\":{\"@id\":\"https:\/\/www.baptistedelval.fr\/#personlogo\"}},{\"@type\":\"WebSite\",\"@id\":\"https:\/\/www.baptistedelval.fr\/#website\",\"url\":\"https:\/\/www.baptistedelval.fr\/\",\"name\":\"Baptiste Delval \\u2316 est. 1983\",\"description\":\"\",\"publisher\":{\"@id\":\"https:\/\/www.baptistedelval.fr\/#\/schema\/person\/801284a15a74abf2acf332ea9bb114bf\"},\"potentialAction\":[{\"@type\":\"SearchAction\",\"target\":\"https:\/\/www.baptistedelval.fr\/?s={search_term_string}\",\"query-input\":\"required name=search_term_string\"}],\"inLanguage\":\"fr-FR\"},{\"@type\":\"ImageObject\",\"@id\":\"https:\/\/www.baptistedelval.fr\/#primaryimage\",\"inLanguage\":\"fr-FR\",\"url\":\"http:\/\/www.ramdam-dlx.com\/bdelval\/wp-content\/uploads\/2020\/04\/Cercle.png\"},{\"@type\":\"WebPage\",\"@id\":\"https:\/\/www.baptistedelval.fr\/#webpage\",\"url\":\"https:\/\/www.baptistedelval.fr\/\",\"name\":\"Baptiste Delval \\u2316 est. 1983 &ndash; Graphisme, streetwear, th\\u00e9\\u00e2tre et cocktails\",\"isPartOf\":{\"@id\":\"https:\/\/www.baptistedelval.fr\/#website\"},\"primaryImageOfPage\":{\"@id\":\"https:\/\/www.baptistedelval.fr\/#primaryimage\"},\"datePublished\":\"2020-04-09T13:02:44+00:00\",\"dateModified\":\"2023-09-18T09:46:13+00:00\",\"description\":\"Je suis graphiste. J'ai cr\\u00e9\\u00e9 la marque Ramdam Dlx. Je m'investis dans le th\\u00e9\\u00e2tre musical. Je suis passionn\\u00e9 de mixologie. Venez : je vous en dis plus.\",\"inLanguage\":\"fr-FR\",\"potentialAction\":[{\"@type\":\"ReadAction\",\"target\":[\"https:\/\/www.baptistedelval.fr\/\"]}]}]}<\/script>\n<!-- \/ Yoast SEO plugin. -->","_links":{"self":[{"href":"https:\/\/www.baptistedelval.fr\/index.php\/wp-json\/wp\/v2\/pages\/11"}],"collection":[{"href":"https:\/\/www.baptistedelval.fr\/index.php\/wp-json\/wp\/v2\/pages"}],"about":[{"href":"https:\/\/www.baptistedelval.fr\/index.php\/wp-json\/wp\/v2\/types\/page"}],"author":[{"embeddable":true,"href":"https:\/\/www.baptistedelval.fr\/index.php\/wp-json\/wp\/v2\/users\/1"}],"replies":[{"embeddable":true,"href":"https:\/\/www.baptistedelval.fr\/index.php\/wp-json\/wp\/v2\/comments?post=11"}],"version-history":[{"count":100,"href":"https:\/\/www.baptistedelval.fr\/index.php\/wp-json\/wp\/v2\/pages\/11\/revisions"}],"predecessor-version":[{"id":515,"href":"https:\/\/www.baptistedelval.fr\/index.php\/wp-json\/wp\/v2\/pages\/11\/revisions\/515"}],"wp:attachment":[{"href":"https:\/\/www.baptistedelval.fr\/index.php\/wp-json\/wp\/v2\/media?parent=11"}],"curies":[{"name":"wp","href":"https:\/\/api.w.org\/{rel}","templated":true}]}}